{"id":1658,"date":"2025-01-06T20:38:58","date_gmt":"2025-01-06T23:38:58","guid":{"rendered":"https:\/\/kazino.online\/ru\/?page_id=1658"},"modified":"2025-02-04T00:34:21","modified_gmt":"2025-02-03T21:34:21","slug":"igrayte-bezopasno-i-otvetstvenno","status":"publish","type":"page","link":"https:\/\/kazino.online\/ru\/igrayte-bezopasno-i-otvetstvenno\/","title":{"rendered":"\u0418\u0433\u0440\u0430\u0439\u0442\u0435 \u0431\u0435\u0437\u043e\u043f\u0430\u0441\u043d\u043e \u0438 \u043e\u0442\u0432\u0435\u0442\u0441\u0442\u0432\u0435\u043d\u043d\u043e"},"content":{"rendered":"\t\t<div data-elementor-type=\"wp-page\" data-elementor-id=\"1658\" class=\"elementor elementor-1658\" data-elementor-post-type=\"page\">\n\t\t\t\t<div class=\"elementor-element elementor-element-8f4b986 e-flex e-con-boxed e-con e-parent\" data-id=\"8f4b986\" data-element_type=\"container\">\n\t\t\t\t\t<div class=\"e-con-inner\">\n\t\t\t\t<div class=\"elementor-element elementor-element-e2bbb7f elementor-widget elementor-widget-text-editor\" data-id=\"e2bbb7f\" data-element_type=\"widget\" data-widget_type=\"text-editor.default\">\n\t\t\t\t<div class=\"elementor-widget-container\">\n\t\t\t\t\t\t\t\t\t<h2><strong>Atbild\u012bgas Azartsp\u0113les<\/strong><\/h2><p>M\u0113s esam ap\u0146\u0113mu\u0161ies veicin\u0101t dro\u0161u, pat\u012bkamu un atbild\u012bgu azartsp\u0113\u013cu vidi visiem sp\u0113l\u0113t\u0101jiem. Azartsp\u0113l\u0113m ir j\u0101b\u016bt izklaides veidam, un m\u0113s aicin\u0101m ikvienu sp\u0113l\u0113t azartsp\u0113les savu iesp\u0113ju robe\u017e\u0101s un izvair\u012bties no to p\u0101rv\u0113r\u0161anas par finansi\u0101lu vai emocion\u0101lu slogu.<\/p><h3><strong>M\u016bsu pieeja atbild\u012bg\u0101m azartsp\u0113l\u0113m<\/strong><\/h3><p>Lai gan azartsp\u0113les daudziem sag\u0101d\u0101 prieku, da\u017eiem cilv\u0113kiem t\u0101s var rad\u012bt probl\u0113mas. Lai atbalst\u012btu atbild\u012bgas azartsp\u0113les, m\u0113s pied\u0101v\u0101jam t\u0101dus r\u012bkus k\u0101 depoz\u012bta limiti, laika ierobe\u017eojumi un pa\u0161izsl\u0113g\u0161anas iesp\u0113jas. \u0160ie pas\u0101kumi ir paredz\u0113ti, lai pal\u012bdz\u0113tu jums saglab\u0101t kontroli un nodro\u0161in\u0101t l\u012bdzsvarotu sp\u0113\u013cu pieredzi.<\/p><h3><strong>Padomi atbild\u012bg\u0101m azartsp\u0113l\u0113m<\/strong><\/h3><ul><li><strong>Iestatiet bud\u017eetu:<\/strong> izlemiet, cik daudz varat at\u013cauties t\u0113r\u0113t, un iev\u0113rojiet to.<\/li><li><strong>Sp\u0113l\u0113jiet prieka p\u0113c:<\/strong> Uztveriet azartsp\u0113les k\u0101 izklaidi, nevis k\u0101 naudas peln\u012b\u0161anas veidu.<\/li><li><strong>Pa\u0146emiet p\u0101rtraukumus:<\/strong> l\u012bdzsvarojiet azartsp\u0113les ar cit\u0101m aktivit\u0101t\u0113m un pien\u0101kumiem.<\/li><li><strong>Izprotiet riskus:<\/strong> ziniet, ka zaud\u0113\u0161ana ir da\u013ca no azartsp\u0113l\u0113m, un nekad nedzenieties p\u0113c saviem zaud\u0113jumiem.<\/li><li><strong>Izmantojiet pieejamos r\u012bkus:<\/strong> izmantojiet t\u0101das funkcijas k\u0101 t\u0113ri\u0146u ierobe\u017eojumi un pa\u0161izsl\u0113g\u0161ana, kad nepiecie\u0161ams.<\/li><\/ul><h3><strong>Azartsp\u0113\u013cu probl\u0113mu atpaz\u012b\u0161ana<\/strong><\/h3><p>Ja azartsp\u0113les s\u0101k trauc\u0113t j\u016bsu ikdienas dz\u012bvi, ir svar\u012bgi mekl\u0113t atbalstu. Azartsp\u0113\u013cu probl\u0113mu paz\u012bmes ir t\u0113r\u0113\u0161ana vair\u0101k nek\u0101 paredz\u0113ts, gr\u016bt\u012bbas apst\u0101ties vai stresa saj\u016bta par zaud\u0113jumiem. \u0160o paz\u012bmju agr\u012bna atpaz\u012b\u0161ana var pal\u012bdz\u0113t atg\u016bt kontroli.<\/p><h3><strong>Pal\u012bdz\u012bbas sa\u0146em\u0161ana<\/strong><\/h3><p>Ir pieejami daudzi resursi, lai atbalst\u012btu personas, kuras c\u012bn\u0101s ar ar azartsp\u0113l\u0113m saist\u012bt\u0101m probl\u0113m\u0101m:<\/p><ul><li>Run\u0101jiet par sav\u0101m ba\u017e\u0101m ar uzticamu draugu vai \u0123imenes locekli.<\/li><li>Mekl\u0113jiet padomu profesion\u0101liem konsultantiem vai atbalsta grup\u0101m, kas velt\u012btas atbild\u012bg\u0101m azartsp\u0113l\u0113m.<\/li><li>Apsveriet pagaidu vai past\u0101v\u012bgu pa\u0161aizsl\u0113g\u0161anu, lai pa\u0146emtu p\u0101rtraukumu no azartsp\u0113l\u0113m.<\/li><\/ul><h3><strong>Dro\u0161as sp\u0113les veicin\u0101\u0161ana<\/strong><\/h3><p>M\u0113s mudin\u0101m visus sp\u0113l\u0113t\u0101jus nodarboties ar atbild\u012bg\u0101m azartsp\u0113l\u0113m un uztur\u0113t vesel\u012bgu l\u012bdzsvaru starp sp\u0113l\u0113m un citiem dz\u012bves aspektiem. Atcerieties, ka azartsp\u0113l\u0113m vienm\u0113r ir j\u0101paliek jautrai un kontrol\u0113tai darb\u012bbai. Ja j\u016btat, ka jums ir nepiecie\u0161ams papildu atbalsts, nevilcinieties sazin\u0101ties ar profesion\u0101\u013ciem vai uzticam\u0101m person\u0101m, lai sa\u0146emtu pal\u012bdz\u012bbu.<\/p>\t\t\t\t\t\t\t\t<\/div>\n\t\t\t\t<\/div>\n\t\t\t\t\t<\/div>\n\t\t\t\t<\/div>\n\t\t\t\t<\/div>\n\t\t","protected":false},"excerpt":{"rendered":"<p>Atbild\u012bgas Azartsp\u0113les M\u0113s esam ap\u0146\u0113mu\u0161ies veicin\u0101t dro\u0161u, pat\u012bkamu un atbild\u012bgu azartsp\u0113\u013cu vidi visiem sp\u0113l\u0113t\u0101jiem. Azartsp\u0113l\u0113m ir j\u0101b\u016bt izklaides veidam, un m\u0113s aicin\u0101m ikvienu sp\u0113l\u0113t azartsp\u0113les savu iesp\u0113ju robe\u017e\u0101s un izvair\u012bties no to p\u0101rv\u0113r\u0161anas par finansi\u0101lu vai emocion\u0101lu slogu. M\u016bsu pieeja atbild\u012bg\u0101m azartsp\u0113l\u0113m Lai gan azartsp\u0113les daudziem sag\u0101d\u0101 prieku, da\u017eiem cilv\u0113kiem t\u0101s var rad\u012bt probl\u0113mas. Lai [&hellip;]<\/p>\n","protected":false},"author":3,"featured_media":0,"parent":0,"menu_order":0,"comment_status":"closed","ping_status":"closed","template":"","meta":{"footnotes":""},"wf_page_folders":[17],"class_list":["post-1658","page","type-page","status-publish","hentry"],"rankMath":{"parentDomain":"kazino.online","noFollowDomains":[],"noFollowExcludeDomains":[],"noFollowExternalLinks":false,"featuredImageNotice":"\u041f\u043e\u043a\u0430\u0437\u0430\u043d\u043d\u043e\u0435 \u0438\u0437\u043e\u0431\u0440\u0430\u0436\u0435\u043d\u0438\u0435 \u0434\u043e\u043b\u0436\u043d\u043e \u0431\u044b\u0442\u044c \u0440\u0430\u0437\u043c\u0435\u0440\u043e\u043c \u043d\u0435 \u043c\u0435\u043d\u0435\u0435 200 \u043d\u0430 200 \u043f\u0438\u043a\u0441\u0435\u043b\u0435\u0439, \u0447\u0442\u043e\u0431\u044b \u0435\u0433\u043e \u043c\u043e\u0433\u043b\u0438 \u0443\u0432\u0438\u0434\u0435\u0442\u044c Facebook \u0438 \u0434\u0440\u0443\u0433\u0438\u0435 \u0441\u0430\u0439\u0442\u044b \u0441\u043e\u0446\u0438\u0430\u043b\u044c\u043d\u044b\u0445 \u0441\u0435\u0442\u0435\u0439.","pluginReviewed":false,"postSettings":{"linkSuggestions":true,"useFocusKeyword":false},"frontEndScore":false,"postName":"igrayte-bezopasno-i-otvetstvenno","permalinkFormat":"https:\/\/kazino.online\/ru\/%pagename%\/","showLockModifiedDate":true,"assessor":{"focusKeywordLink":"https:\/\/kazino.online\/ru\/wp-admin\/edit.php?focus_keyword=%focus_keyword%&post_type=%post_type%","hasTOCPlugin":true,"primaryTaxonomy":false,"serpData":{"title":"","description":"","focusKeywords":"","pillarContent":false,"canonicalUrl":"","breadcrumbTitle":"","advancedRobots":{"max-snippet":"-1","max-video-preview":"-1","max-image-preview":"large"},"facebookTitle":"","facebookDescription":"","facebookImage":"","facebookImageID":"","facebookHasOverlay":false,"facebookImageOverlay":"","facebookAuthor":"","twitterCardType":"","twitterUseFacebook":true,"twitterTitle":"","twitterDescription":"","twitterImage":"","twitterImageID":"","twitterHasOverlay":false,"twitterImageOverlay":"","twitterPlayerUrl":"","twitterPlayerSize":"","twitterPlayerStream":"","twitterPlayerStreamCtype":"","twitterAppDescription":"","twitterAppIphoneName":"","twitterAppIphoneID":"","twitterAppIphoneUrl":"","twitterAppIpadName":"","twitterAppIpadID":"","twitterAppIpadUrl":"","twitterAppGoogleplayName":"","twitterAppGoogleplayID":"","twitterAppGoogleplayUrl":"","twitterAppCountry":"","robots":{"noindex":true},"twitterAuthor":"\u0438\u043c\u044f \u043f\u043e\u043b\u044c\u0437\u043e\u0432\u0430\u0442\u0435\u043b\u044f","primaryTerm":0,"authorName":"Kaspars V\u0113rsis","titleTemplate":"%title% %sep% %sitename%","descriptionTemplate":"%excerpt%","showScoreFrontend":true,"lockModifiedDate":false},"powerWords":[],"diacritics":{"A":"[\\u0410\\u0430]","B":"[\\u0411\\u0431]","V":"[\\u0412\\u0432]","G":"[\\u0413\\u0433]","D":"[\\u0414\\u0434]","YE":"[\\u0415\\u0435]","YO":"[\\u0401\\u0451]","ZH":"[\\u0416\\u0436]","Z":"[\\u0417\\u0437]","EE":"[\\u0418\\u0438]","YI":"[\\u0419\\u0439]","K":"[\\u041A\\u043A]","L":"[\\u041B\\u043B]","M":"[\\u041C\\u043c]","P":"[\\u041F\\u043F]","T":"[\\u0422\\u0442]","U":"[\\u0423\\u0443]","F":"[\\u0424\\u0444]","H":"[\\u0425\\u0445]","TS":"[\\u0426\\u0446]","CH":"[\\u0427\\u0447]","SH":"[\\u0428\\u0448\\u0429\\u0449]","I":"[\\u042B\\u044B]","E":"[\\u042D\\u044D]","YU":"[\\u042E\\u044E]","YA":"[\\u042F\\u044F]","N":"[\\u041D\\u043D]"},"researchesTests":["contentHasTOC","contentHasShortParagraphs","contentHasAssets","keywordInTitle","keywordInMetaDescription","keywordInPermalink","keywordIn10Percent","keywordInContent","keywordInSubheadings","keywordInImageAlt","keywordDensity","keywordNotUsed","lengthContent","lengthPermalink","linksHasInternal","linksHasExternals","linksNotAllExternals","titleStartWithKeyword","titleSentiment","titleHasPowerWords","titleHasNumber","hasContentAI"],"hasRedirection":true,"hasBreadcrumb":false},"homeUrl":"https:\/\/kazino.online\/ru","objectID":1658,"objectType":"post","locale":"ru","localeFull":"ru_RU","overlayImages":{"play":{"name":"Play \u0438\u043a\u043e\u043d\u043a\u0430","url":"https:\/\/kazino.online\/ru\/wp-content\/plugins\/seo-by-rank-math\/assets\/admin\/img\/icon-play.png","path":"\/home\/kasino\/web\/kazino.online\/public_html\/ru\/wp-content\/plugins\/seo-by-rank-math\/assets\/admin\/img\/icon-play.png","position":"middle_center"},"gif":{"name":"GIF \u0438\u043a\u043e\u043d\u043a\u0430","url":"https:\/\/kazino.online\/ru\/wp-content\/plugins\/seo-by-rank-math\/assets\/admin\/img\/icon-gif.png","path":"\/home\/kasino\/web\/kazino.online\/public_html\/ru\/wp-content\/plugins\/seo-by-rank-math\/assets\/admin\/img\/icon-gif.png","position":"middle_center"}},"defautOgImage":"https:\/\/kazino.online\/ru\/wp-content\/uploads\/2025\/02\/featured-kazino_online-1200x630-1.png","customPermalinks":true,"isUserRegistered":true,"autoSuggestKeywords":true,"connectSiteUrl":"https:\/\/rankmath.com\/auth?site=https%3A%2F%2Fkazino.online%2Fru&r=https%3A%2F%2Fkazino.online%2Fru%2Fwp-json%2Fwp%2Fv2%2Fpages%2F1658%3Fnonce%3D9ff47fd945&pro=1","maxTags":100,"trendsIcon":"<svg viewBox=\"0 0 610 610\"><path d=\"M18.85,446,174.32,290.48l58.08,58.08L76.93,504a14.54,14.54,0,0,1-20.55,0L18.83,466.48a14.54,14.54,0,0,1,0-20.55Z\" style=\"fill:#4285f4\"\/><path d=\"M242.65,242.66,377.59,377.6l-47.75,47.75a14.54,14.54,0,0,1-20.55,0L174.37,290.43l47.75-47.75A14.52,14.52,0,0,1,242.65,242.66Z\" style=\"fill:#ea4335\"\/><polygon points=\"319.53 319.53 479.26 159.8 537.34 217.88 377.61 377.62 319.53 319.53\" style=\"fill:#fabb05\"\/><path d=\"M594.26,262.73V118.61h0a16.94,16.94,0,0,0-16.94-16.94H433.2a16.94,16.94,0,0,0-12,28.92L565.34,274.71h0a16.94,16.94,0,0,0,28.92-12Z\" style=\"fill:#34a853\"\/><rect width=\"610\" height=\"610\" style=\"fill:none\"\/><\/svg>","showScore":true,"siteFavIcon":"https:\/\/kazino.online\/ru\/wp-content\/uploads\/2025\/02\/icono-KAZINO_ONLINE-150x150.png","canUser":{"general":false,"advanced":false,"snippet":false,"social":false,"analysis":false,"analytics":false,"content_ai":false},"isPro":true,"is_front_page":false,"trendsUpgradeLink":"https:\/\/rankmath.com\/pricing\/?utm_source=Plugin&utm_medium=CE%20General%20Tab%20Trends&utm_campaign=WP","trendsUpgradeLabel":"\u0410\u043f\u0433\u0440\u0435\u0439\u0434","trendsPreviewImage":"https:\/\/kazino.online\/ru\/wp-content\/plugins\/seo-by-rank-math\/assets\/admin\/img\/trends-preview.jpg","currentEditor":false,"homepageData":{"assessor":{"powerWords":[],"diacritics":true,"researchesTests":["contentHasTOC","contentHasShortParagraphs","contentHasAssets","keywordInTitle","keywordInMetaDescription","keywordInPermalink","keywordIn10Percent","keywordInContent","keywordInSubheadings","keywordInImageAlt","keywordDensity","keywordNotUsed","lengthContent","lengthPermalink","linksHasInternal","linksHasExternals","linksNotAllExternals","titleStartWithKeyword","titleSentiment","titleHasPowerWords","titleHasNumber","hasContentAI"],"hasBreadcrumb":false,"serpData":{"title":"%sitename% %page% %sep% %sitedesc%","description":"","titleTemplate":"%sitename% %page% %sep% %sitedesc%","descriptionTemplate":"","focusKeywords":"","breadcrumbTitle":"Home","robots":{"index":true},"advancedRobots":{"max-snippet":"-1","max-video-preview":"-1","max-image-preview":"large"},"facebookTitle":"","facebookDescription":"","facebookImage":"","facebookImageID":""}}},"isAnalyticsConnected":false,"tocTitle":"Table of Contents","tocExcludeHeadings":[],"listStyle":"ul"},"_links":{"self":[{"href":"https:\/\/kazino.online\/ru\/wp-json\/wp\/v2\/pages\/1658","targetHints":{"allow":["GET"]}}],"collection":[{"href":"https:\/\/kazino.online\/ru\/wp-json\/wp\/v2\/pages"}],"about":[{"href":"https:\/\/kazino.online\/ru\/wp-json\/wp\/v2\/types\/page"}],"author":[{"embeddable":true,"href":"https:\/\/kazino.online\/ru\/wp-json\/wp\/v2\/users\/3"}],"replies":[{"embeddable":true,"href":"https:\/\/kazino.online\/ru\/wp-json\/wp\/v2\/comments?post=1658"}],"version-history":[{"count":10,"href":"https:\/\/kazino.online\/ru\/wp-json\/wp\/v2\/pages\/1658\/revisions"}],"predecessor-version":[{"id":2684,"href":"https:\/\/kazino.online\/ru\/wp-json\/wp\/v2\/pages\/1658\/revisions\/2684"}],"wp:attachment":[{"href":"https:\/\/kazino.online\/ru\/wp-json\/wp\/v2\/media?parent=1658"}],"wp:term":[{"taxonomy":"wf_page_folders","embeddable":true,"href":"https:\/\/kazino.online\/ru\/wp-json\/wp\/v2\/wf_page_folders?post=1658"}],"curies":[{"name":"wp","href":"https:\/\/api.w.org\/{rel}","templated":true}]}}